{"id":34,"date":"2020-07-31T22:08:07","date_gmt":"2020-07-31T20:08:07","guid":{"rendered":"http:\/\/vodickajiri.com\/?page_id=34"},"modified":"2020-10-11T12:19:54","modified_gmt":"2020-10-11T10:19:54","slug":"publikace","status":"publish","type":"page","link":"https:\/\/vodickajiri.com\/?page_id=34","title":{"rendered":"Publika\u010dn\u00ed \u010dinnost"},"content":{"rendered":"\n<p class=\"has-regular-font-size\"><strong>Diserta\u010dn\u00ed pr\u00e1ce<\/strong><\/p>\n\n\n\n<div class=\"wp-block-group\"><div class=\"wp-block-group__inner-container\">\n<p style=\"color:#810406\" class=\"has-text-color\">Automobily jako zdroje zne\u010di\u0161\u0165uj\u00edc\u00edch l\u00e1tek a sklen\u00edkov\u00fdch plyn\u016f ve sv\u011btle pr\u00e1vn\u00ed \u00fapravy; <em><span class=\"popup-trigger popmake-156 \" data-popup-id=\"156\" data-do-default=\"0\"><span class=\"has-inline-color has-blue-color\">Abstrakt<\/span><\/span><\/em><\/p>\n\n\n\n<p><\/p>\n<\/div><\/div>\n\n\n\n<p><strong>\u010cl\u00e1nky, kapitoly v odborn\u00fdch knih\u00e1ch, stat\u011b ve sborn\u00edc\u00edch<\/strong><\/p>\n\n\n\n<p style=\"color:#810406\" class=\"has-text-color popmake-122\">Eko poplatky a st\u00e1tn\u00ed p\u0159\u00edsp\u011bvek p\u0159i vy\u0159azen\u00ed autovraku ve sv\u011btle z\u00e1kona o odpadech a navrhovan\u00e9 pr\u00e1vn\u00ed \u00fapravy; <em><span class=\"has-inline-color has-blue-color\">Abstrakt<\/span><\/em><\/p>\n\n\n\n<p style=\"color:#810406\" class=\"has-text-color popmake-129\">Environment\u00e1ln\u00ed dohody a jejich mo\u017en\u00e9 posuzov\u00e1n\u00ed dle sout\u011b\u017en\u00edho pr\u00e1va; <span class=\"has-inline-color has-blue-color\"><em>Abstrakt<\/em><\/span><\/p>\n\n\n\n<p style=\"color:#810406\" class=\"has-text-color popmake-133\">Kam se pod\u011bly kr\u00e1tkodob\u00e9 ak\u010dn\u00ed pl\u00e1ny?<em><span class=\"has-inline-color has-blue-color\"><a rel=\"noreferrer noopener\" href=\"https:\/\/is.muni.cz\/auth\/publication\/1423039\/cs\" target=\"_blank\"> <\/a>Abstrakt<\/span><\/em><\/p>\n\n\n\n<p style=\"color:#810406\" class=\"has-text-color popmake-135\">Vozidla s&nbsp;alternativn\u00edm pohonem. Jsme na&nbsp;n\u011b p\u0159ipraveni? <em><span class=\"has-inline-color has-blue-color\">Abstrakt<\/span><\/em><\/p>\n\n\n\n<p style=\"color:#810406\" class=\"has-text-color popmake-137\">Kr\u00e1tk\u00e9 zamy\u0161len\u00ed nad p\u0159\u00edm\u00fdmi kontrolami spalovac\u00edch stacion\u00e1rn\u00edch zdroj\u016f um\u00edst\u011bn\u00fdch v rodinn\u00fdch domech, bytech a stavb\u00e1ch pro individu\u00e1ln\u00ed rekreaci; <em><span class=\"has-inline-color has-blue-color\">Abstrakt<\/span><\/em><\/p>\n\n\n\n<p style=\"color:#810406\" class=\"has-text-color popmake-139\">N\u00e1vrh nov\u00e9ho na\u0159\u00edzen\u00ed o sni\u017eov\u00e1n\u00ed emis\u00ed CO2 z lehk\u00fdch vozidel \u2013 krok spr\u00e1vn\u00fdm sm\u011brem? <em><span class=\"has-inline-color has-blue-color\"><em>Abstrakt<\/em><\/span><\/em><\/p>\n\n\n\n<p style=\"color:#810406\" class=\"has-text-color popmake-141\">Zamy\u0161len\u00ed nad unijn\u00ed regulac\u00ed automobilov\u00fdch emis\u00ed; <em><span class=\"has-inline-color has-blue-color\"><em>Abstrakt<\/em><\/span><\/em><\/p>\n\n\n\n<p style=\"color:#810406\" class=\"has-text-color popmake-143\">Rozvoj a regulace infrastruktury pro alternativn\u00ed paliva v&nbsp;\u010cR; <em><span class=\"has-inline-color has-blue-color\"><em>Abstrakt<\/em><\/span><\/em><\/p>\n\n\n\n<p style=\"color:#810406\" class=\"has-text-color popmake-145\">Technick\u00e9 podm\u00ednky provozu osobn\u00edch vozidel a odpov\u011bdnost za jejich dodr\u017eov\u00e1n\u00ed; <em><span class=\"has-inline-color has-blue-color\"><em>Abstrakt<\/em><\/span><\/em><\/p>\n\n\n\n<p><strong>Populariza\u010dn\u00ed \u010dinnost<\/strong><\/p>\n\n\n\n<p><span style=\"color:#810406\" class=\"has-inline-color\">Boj proti klimatick\u00e9 zm\u011bn\u011b i lok\u00e1ln\u00edm zne\u010di\u0161\u0165ovatel\u016fm;<\/span> <a rel=\"noreferrer noopener\" href=\"https:\/\/www.ceskatelevize.cz\/porady\/11129264015-tyden-v-justici\/319281381900929\/video\/723238\" target=\"_blank\"><em>T\u00fdden v Justici<\/em><\/a><\/p>\n\n\n\n<p><span style=\"color:#810406\" class=\"has-inline-color\">Z\u00e1kaz vjezdu aut s dieselov\u00fdm pohonem do m\u011bst;<\/span> <a href=\"https:\/\/www.ceskatelevize.cz\/porady\/11129264015-tyden-v-justici\/318281381900304\/video\/604790\" target=\"_blank\" rel=\"noreferrer noopener\"><em>T\u00fdden v Justici<\/em><\/a><\/p>\n","protected":false},"excerpt":{"rendered":"<p>Diserta\u010dn\u00ed pr\u00e1ce \u010cl\u00e1nky, kapitoly v odborn\u00fdch knih\u00e1ch, stat\u011b ve sborn\u00edc\u00edch Eko poplatky a st\u00e1tn\u00ed p\u0159\u00edsp\u011bvek p\u0159i vy\u0159azen\u00ed autovraku ve sv\u011btle z\u00e1kona o odpadech a navrhovan\u00e9<a href=\"https:\/\/vodickajiri.com\/?page_id=34\" class=\"read-more\">Read More<\/a><\/p>\n","protected":false},"author":1,"featured_media":0,"parent":0,"menu_order":0,"comment_status":"closed","ping_status":"closed","template":"","meta":[],"yoast_head":"<!-- This site is optimized with the Yoast SEO plugin v14.9 - https:\/\/yoast.com\/wordpress\/plugins\/seo\/ -->\n<title>Publika\u010dn\u00ed \u010dinnost - Vodicka Jiri<\/title>\n<meta name=\"description\" content=\"Seznam publika\u010dn\u00edch a dal\u0161\u00edch \u010dinnost\u00ed Mgr. Ji\u0159\u00ed Vodi\u010dka\" \/>\n<meta name=\"robots\" content=\"index, follow, max-snippet:-1, max-image-preview:large, max-video-preview:-1\" \/>\n<link rel=\"canonical\" href=\"https:\/\/vodickajiri.com\/?page_id=34\" \/>\n<meta property=\"og:locale\" content=\"cs_CZ\" \/>\n<meta property=\"og:type\" content=\"article\" \/>\n<meta property=\"og:title\" content=\"Publika\u010dn\u00ed \u010dinnost - Vodicka Jiri\" \/>\n<meta property=\"og:description\" content=\"Seznam publika\u010dn\u00edch a dal\u0161\u00edch \u010dinnost\u00ed Mgr. Ji\u0159\u00ed Vodi\u010dka\" \/>\n<meta property=\"og:url\" content=\"https:\/\/vodickajiri.com\/?page_id=34\" \/>\n<meta property=\"og:site_name\" content=\"Vodicka Jiri\" \/>\n<meta property=\"article:modified_time\" content=\"2020-10-11T10:19:54+00:00\" \/>\n<meta name=\"twitter:card\" content=\"summary_large_image\" \/>\n<script type=\"application\/ld+json\" class=\"yoast-schema-graph\">{\"@context\":\"https:\/\/schema.org\",\"@graph\":[{\"@type\":[\"Person\",\"Organization\"],\"@id\":\"https:\/\/vodickajiri.com\/#\/schema\/person\/16837448c1732d48882280821870b1bf\",\"name\":\"vodickajiri\",\"image\":{\"@type\":\"ImageObject\",\"@id\":\"https:\/\/vodickajiri.com\/#personlogo\",\"inLanguage\":\"cs\",\"url\":\"https:\/\/secure.gravatar.com\/avatar\/02d4a96cb7fddd8ab31c52f414b8ddeb?s=96&d=mm&r=g\",\"caption\":\"vodickajiri\"},\"logo\":{\"@id\":\"https:\/\/vodickajiri.com\/#personlogo\"}},{\"@type\":\"WebSite\",\"@id\":\"https:\/\/vodickajiri.com\/#website\",\"url\":\"https:\/\/vodickajiri.com\/\",\"name\":\"Vodicka Jiri\",\"description\":\"\",\"publisher\":{\"@id\":\"https:\/\/vodickajiri.com\/#\/schema\/person\/16837448c1732d48882280821870b1bf\"},\"potentialAction\":[{\"@type\":\"SearchAction\",\"target\":\"https:\/\/vodickajiri.com\/?s={search_term_string}\",\"query-input\":\"required name=search_term_string\"}],\"inLanguage\":\"cs\"},{\"@type\":\"WebPage\",\"@id\":\"https:\/\/vodickajiri.com\/?page_id=34#webpage\",\"url\":\"https:\/\/vodickajiri.com\/?page_id=34\",\"name\":\"Publika\\u010dn\\u00ed \\u010dinnost - Vodicka Jiri\",\"isPartOf\":{\"@id\":\"https:\/\/vodickajiri.com\/#website\"},\"datePublished\":\"2020-07-31T20:08:07+00:00\",\"dateModified\":\"2020-10-11T10:19:54+00:00\",\"description\":\"Seznam publika\\u010dn\\u00edch a dal\\u0161\\u00edch \\u010dinnost\\u00ed Mgr. Ji\\u0159\\u00ed Vodi\\u010dka\",\"inLanguage\":\"cs\",\"potentialAction\":[{\"@type\":\"ReadAction\",\"target\":[\"https:\/\/vodickajiri.com\/?page_id=34\"]}]}]}<\/script>\n<!-- \/ Yoast SEO plugin. -->","_links":{"self":[{"href":"https:\/\/vodickajiri.com\/index.php?rest_route=\/wp\/v2\/pages\/34"}],"collection":[{"href":"https:\/\/vodickajiri.com\/index.php?rest_route=\/wp\/v2\/pages"}],"about":[{"href":"https:\/\/vodickajiri.com\/index.php?rest_route=\/wp\/v2\/types\/page"}],"author":[{"embeddable":true,"href":"https:\/\/vodickajiri.com\/index.php?rest_route=\/wp\/v2\/users\/1"}],"replies":[{"embeddable":true,"href":"https:\/\/vodickajiri.com\/index.php?rest_route=%2Fwp%2Fv2%2Fcomments&post=34"}],"version-history":[{"count":14,"href":"https:\/\/vodickajiri.com\/index.php?rest_route=\/wp\/v2\/pages\/34\/revisions"}],"predecessor-version":[{"id":160,"href":"https:\/\/vodickajiri.com\/index.php?rest_route=\/wp\/v2\/pages\/34\/revisions\/160"}],"wp:attachment":[{"href":"https:\/\/vodickajiri.com\/index.php?rest_route=%2Fwp%2Fv2%2Fmedia&parent=34"}],"curies":[{"name":"wp","href":"https:\/\/api.w.org\/{rel}","templated":true}]}}