{"id":35,"date":"2020-07-31T22:08:07","date_gmt":"2020-07-31T20:08:07","guid":{"rendered":"http:\/\/vodickajiri.com\/?page_id=35"},"modified":"2020-10-16T12:01:18","modified_gmt":"2020-10-16T10:01:18","slug":"cv","status":"publish","type":"page","link":"https:\/\/vodickajiri.com\/?page_id=35","title":{"rendered":"CV"},"content":{"rendered":"\n<div class=\"wp-block-media-text alignwide has-media-on-the-right is-stacked-on-mobile\"><figure class=\"wp-block-media-text__media\"><img loading=\"lazy\" width=\"683\" height=\"1024\" src=\"https:\/\/vodickajiri.com\/wp-content\/uploads\/2020\/10\/JirkaVodicka_portret_DGP-11-683x1024.jpeg\" alt=\"\" class=\"wp-image-174\" srcset=\"https:\/\/vodickajiri.com\/wp-content\/uploads\/2020\/10\/JirkaVodicka_portret_DGP-11-683x1024.jpeg 683w, https:\/\/vodickajiri.com\/wp-content\/uploads\/2020\/10\/JirkaVodicka_portret_DGP-11-200x300.jpeg 200w, https:\/\/vodickajiri.com\/wp-content\/uploads\/2020\/10\/JirkaVodicka_portret_DGP-11-768x1151.jpeg 768w, https:\/\/vodickajiri.com\/wp-content\/uploads\/2020\/10\/JirkaVodicka_portret_DGP-11-1025x1536.jpeg 1025w, https:\/\/vodickajiri.com\/wp-content\/uploads\/2020\/10\/JirkaVodicka_portret_DGP-11-1366x2048.jpeg 1366w, https:\/\/vodickajiri.com\/wp-content\/uploads\/2020\/10\/JirkaVodicka_portret_DGP-11-scaled.jpeg 1708w\" sizes=\"(max-width: 683px) 100vw, 683px\" \/><\/figure><div class=\"wp-block-media-text__content\">\n<h3>Profesn\u00ed zku\u0161enosti<\/h3>\n\n\n\n<p><span style=\"color:#810406\" class=\"has-inline-color\">2019-dosud         Asistent; Katedra pr\u00e1va \u017eivotn\u00edho prost\u0159ed\u00ed, Pr\u00e1vnick\u00e1 fakulta Masarykovy univerzity<\/span><\/p>\n\n\n\n<p><span style=\"color:#810406\" class=\"has-inline-color\">2019                   St\u00e1\u017e; DG Competition, Evropsk\u00e1 komise<\/span><\/p>\n\n\n\n<p><span style=\"color:#810406\" class=\"has-inline-color\">2016-2019        Odborn\u00fd rada; Odbor kartelov\u00fdch dohod, \u00da\u0159ad pro ochranu hospod\u00e1\u0159sk\u00e9 sout\u011b\u017ee<\/span><\/p>\n\n\n\n<p><span style=\"color:#810406\" class=\"has-inline-color\">2016                   St\u00e1\u017e; Spr\u00e1vn\u00ed \u00fasek, Krajsk\u00fd soud v Brn\u011b<\/span><\/p>\n\n\n\n<p><span style=\"color:#810406\" class=\"has-inline-color\">2015-2016        Pr\u00e1vn\u00edk; Odd\u011blen\u00ed ve\u0159ejn\u00fdch zak\u00e1zek; E.ON Distribuce, a.s.<\/span><\/p>\n\n\n\n<h3>Vzd\u011bl\u00e1n\u00ed<\/h3>\n\n\n\n<p style=\"color:#810406\" class=\"has-text-color\">2016-dosud       Doktorsk\u00fd studijn\u00ed program; Spr\u00e1vn\u00ed pr\u00e1vo a pr\u00e1vo \u017eivotn\u00edho prost\u0159ed\u00ed, Pr\u00e1vnick\u00e1 fakulta         Masarykovy univerzity<\/p>\n\n\n\n<p style=\"color:#810406\" class=\"has-text-color\">2014                   Erasmus, Faculty of Law, University of Bergen<\/p>\n\n\n\n<p style=\"color:#810406\" class=\"has-text-color\">2013-2016         Diploma Course in English and EU Law, British Law Centre, Juris Angliae Scientia <\/p>\n\n\n\n<p style=\"color:#810406\" class=\"has-text-color\">2011-2016         Magistersk\u00fd studijn\u00ed obor &#8211; pr\u00e1vo a pr\u00e1vn\u00ed v\u011bda, Pr\u00e1vnick\u00e1 fakulta Masarykovy univerzity<\/p>\n<\/div><\/div>\n","protected":false},"excerpt":{"rendered":"<p>Profesn\u00ed zku\u0161enosti 2019-dosud Asistent; Katedra pr\u00e1va \u017eivotn\u00edho prost\u0159ed\u00ed, Pr\u00e1vnick\u00e1 fakulta Masarykovy univerzity 2019 St\u00e1\u017e; DG Competition, Evropsk\u00e1 komise 2016-2019 Odborn\u00fd rada; Odbor kartelov\u00fdch dohod, \u00da\u0159ad<a href=\"https:\/\/vodickajiri.com\/?page_id=35\" class=\"read-more\">Read More<\/a><\/p>\n","protected":false},"author":1,"featured_media":0,"parent":0,"menu_order":0,"comment_status":"closed","ping_status":"closed","template":"","meta":[],"yoast_head":"<!-- This site is optimized with the Yoast SEO plugin v14.9 - https:\/\/yoast.com\/wordpress\/plugins\/seo\/ -->\n<title>CV - Vodicka Jiri<\/title>\n<meta name=\"description\" content=\"Profesn\u00ed CV Mgr. Ji\u0159\u00ed Vodi\u010dka\" \/>\n<meta name=\"robots\" content=\"index, follow, max-snippet:-1, max-image-preview:large, max-video-preview:-1\" \/>\n<link rel=\"canonical\" href=\"https:\/\/vodickajiri.com\/?page_id=35\" \/>\n<meta property=\"og:locale\" content=\"cs_CZ\" \/>\n<meta property=\"og:type\" content=\"article\" \/>\n<meta property=\"og:title\" content=\"CV - Vodicka Jiri\" \/>\n<meta property=\"og:description\" content=\"Profesn\u00ed CV Mgr. Ji\u0159\u00ed Vodi\u010dka\" \/>\n<meta property=\"og:url\" content=\"https:\/\/vodickajiri.com\/?page_id=35\" \/>\n<meta property=\"og:site_name\" content=\"Vodicka Jiri\" \/>\n<meta property=\"article:modified_time\" content=\"2020-10-16T10:01:18+00:00\" \/>\n<meta property=\"og:image\" content=\"https:\/\/vodickajiri.com\/wp-content\/uploads\/2020\/10\/JirkaVodicka_portret_DGP-11-683x1024.jpeg\" \/>\n<meta name=\"twitter:card\" content=\"summary_large_image\" \/>\n<script type=\"application\/ld+json\" class=\"yoast-schema-graph\">{\"@context\":\"https:\/\/schema.org\",\"@graph\":[{\"@type\":[\"Person\",\"Organization\"],\"@id\":\"https:\/\/vodickajiri.com\/#\/schema\/person\/16837448c1732d48882280821870b1bf\",\"name\":\"vodickajiri\",\"image\":{\"@type\":\"ImageObject\",\"@id\":\"https:\/\/vodickajiri.com\/#personlogo\",\"inLanguage\":\"cs\",\"url\":\"https:\/\/secure.gravatar.com\/avatar\/02d4a96cb7fddd8ab31c52f414b8ddeb?s=96&d=mm&r=g\",\"caption\":\"vodickajiri\"},\"logo\":{\"@id\":\"https:\/\/vodickajiri.com\/#personlogo\"}},{\"@type\":\"WebSite\",\"@id\":\"https:\/\/vodickajiri.com\/#website\",\"url\":\"https:\/\/vodickajiri.com\/\",\"name\":\"Vodicka Jiri\",\"description\":\"\",\"publisher\":{\"@id\":\"https:\/\/vodickajiri.com\/#\/schema\/person\/16837448c1732d48882280821870b1bf\"},\"potentialAction\":[{\"@type\":\"SearchAction\",\"target\":\"https:\/\/vodickajiri.com\/?s={search_term_string}\",\"query-input\":\"required name=search_term_string\"}],\"inLanguage\":\"cs\"},{\"@type\":\"ImageObject\",\"@id\":\"https:\/\/vodickajiri.com\/?page_id=35#primaryimage\",\"inLanguage\":\"cs\",\"url\":\"https:\/\/vodickajiri.com\/wp-content\/uploads\/2020\/10\/JirkaVodicka_portret_DGP-11-scaled.jpeg\",\"width\":1708,\"height\":2560},{\"@type\":\"WebPage\",\"@id\":\"https:\/\/vodickajiri.com\/?page_id=35#webpage\",\"url\":\"https:\/\/vodickajiri.com\/?page_id=35\",\"name\":\"CV - Vodicka Jiri\",\"isPartOf\":{\"@id\":\"https:\/\/vodickajiri.com\/#website\"},\"primaryImageOfPage\":{\"@id\":\"https:\/\/vodickajiri.com\/?page_id=35#primaryimage\"},\"datePublished\":\"2020-07-31T20:08:07+00:00\",\"dateModified\":\"2020-10-16T10:01:18+00:00\",\"description\":\"Profesn\\u00ed CV Mgr. Ji\\u0159\\u00ed Vodi\\u010dka\",\"inLanguage\":\"cs\",\"potentialAction\":[{\"@type\":\"ReadAction\",\"target\":[\"https:\/\/vodickajiri.com\/?page_id=35\"]}]}]}<\/script>\n<!-- \/ Yoast SEO plugin. -->","_links":{"self":[{"href":"https:\/\/vodickajiri.com\/index.php?rest_route=\/wp\/v2\/pages\/35"}],"collection":[{"href":"https:\/\/vodickajiri.com\/index.php?rest_route=\/wp\/v2\/pages"}],"about":[{"href":"https:\/\/vodickajiri.com\/index.php?rest_route=\/wp\/v2\/types\/page"}],"author":[{"embeddable":true,"href":"https:\/\/vodickajiri.com\/index.php?rest_route=\/wp\/v2\/users\/1"}],"replies":[{"embeddable":true,"href":"https:\/\/vodickajiri.com\/index.php?rest_route=%2Fwp%2Fv2%2Fcomments&post=35"}],"version-history":[{"count":11,"href":"https:\/\/vodickajiri.com\/index.php?rest_route=\/wp\/v2\/pages\/35\/revisions"}],"predecessor-version":[{"id":187,"href":"https:\/\/vodickajiri.com\/index.php?rest_route=\/wp\/v2\/pages\/35\/revisions\/187"}],"wp:attachment":[{"href":"https:\/\/vodickajiri.com\/index.php?rest_route=%2Fwp%2Fv2%2Fmedia&parent=35"}],"curies":[{"name":"wp","href":"https:\/\/api.w.org\/{rel}","templated":true}]}}