{"id":57,"date":"2020-09-05T09:34:02","date_gmt":"2020-09-05T07:34:02","guid":{"rendered":"http:\/\/vodickajiri.com\/?page_id=57"},"modified":"2020-10-31T12:34:04","modified_gmt":"2020-10-31T11:34:04","slug":"kontakt","status":"publish","type":"page","link":"https:\/\/vodickajiri.com\/?page_id=57","title":{"rendered":"Kontakt"},"content":{"rendered":"\n<p class=\"has-text-align-center\">LinkedIn<\/p>\n\n\n\n<ul class=\"wp-block-social-links aligncenter\">\n\n\n\n\n\n\n\n\n\n\n\n<li class=\"wp-social-link wp-social-link-linkedin wp-block-social-link\"><a href=\"https:\/\/www.linkedin.com\/in\/jivodicka\" aria-label=\"LinkedIn\" > <svg width=\"24\" height=\"24\" viewBox=\"0 0 24 24\" version=\"1.1\" xmlns=\"http:\/\/www.w3.org\/2000\/svg\" role=\"img\" aria-hidden=\"true\" focusable=\"false\"><path d=\"M19.7,3H4.3C3.582,3,3,3.582,3,4.3v15.4C3,20.418,3.582,21,4.3,21h15.4c0.718,0,1.3-0.582,1.3-1.3V4.3 C21,3.582,20.418,3,19.7,3z M8.339,18.338H5.667v-8.59h2.672V18.338z M7.004,8.574c-0.857,0-1.549-0.694-1.549-1.548 c0-0.855,0.691-1.548,1.549-1.548c0.854,0,1.547,0.694,1.547,1.548C8.551,7.881,7.858,8.574,7.004,8.574z M18.339,18.338h-2.669 v-4.177c0-0.996-0.017-2.278-1.387-2.278c-1.389,0-1.601,1.086-1.601,2.206v4.249h-2.667v-8.59h2.559v1.174h0.037 c0.356-0.675,1.227-1.387,2.526-1.387c2.703,0,3.203,1.779,3.203,4.092V18.338z\"><\/path><\/svg><\/a><\/li><\/ul>\n\n\n\n<p class=\"has-text-align-center\">Email<\/p>\n\n\n\n<ul class=\"wp-block-social-links aligncenter\">\n\n\n\n\n\n\n\n\n\n\n\n<li class=\"wp-social-link wp-social-link-mail wp-block-social-link\"><a href=\"mailto:vodickajiri@vodickajiri.com\" aria-label=\"Mail\" > <svg width=\"24\" height=\"24\" viewBox=\"0 0 24 24\" version=\"1.1\" xmlns=\"http:\/\/www.w3.org\/2000\/svg\" role=\"img\" aria-hidden=\"true\" focusable=\"false\"><path d=\"M20,4H4C2.895,4,2,4.895,2,6v12c0,1.105,0.895,2,2,2h16c1.105,0,2-0.895,2-2V6C22,4.895,21.105,4,20,4z M20,8.236l-8,4.882 L4,8.236V6h16V8.236z\"><\/path><\/svg><\/a><\/li><\/ul>\n\n\n\n<p class=\"has-text-align-center\"><\/p>\n\n\n\n<p><\/p>\n","protected":false},"excerpt":{"rendered":"<p>LinkedIn Email<\/p>\n","protected":false},"author":1,"featured_media":0,"parent":0,"menu_order":0,"comment_status":"closed","ping_status":"closed","template":"","meta":[],"yoast_head":"<!-- This site is optimized with the Yoast SEO plugin v14.9 - https:\/\/yoast.com\/wordpress\/plugins\/seo\/ -->\n<title>Kontakt - Vodicka Jiri<\/title>\n<meta name=\"description\" content=\"Kontaktuje Mgr. Ji\u0159\u00ed Vodi\u010dka; Mail, LinkedIn\" \/>\n<meta name=\"robots\" content=\"index, follow, max-snippet:-1, max-image-preview:large, max-video-preview:-1\" \/>\n<link rel=\"canonical\" href=\"https:\/\/vodickajiri.com\/?page_id=57\" \/>\n<meta property=\"og:locale\" content=\"cs_CZ\" \/>\n<meta property=\"og:type\" content=\"article\" \/>\n<meta property=\"og:title\" content=\"Kontakt - Vodicka Jiri\" \/>\n<meta property=\"og:description\" content=\"Kontaktuje Mgr. Ji\u0159\u00ed Vodi\u010dka; Mail, LinkedIn\" \/>\n<meta property=\"og:url\" content=\"https:\/\/vodickajiri.com\/?page_id=57\" \/>\n<meta property=\"og:site_name\" content=\"Vodicka Jiri\" \/>\n<meta property=\"article:modified_time\" content=\"2020-10-31T11:34:04+00:00\" \/>\n<meta name=\"twitter:card\" content=\"summary_large_image\" \/>\n<script type=\"application\/ld+json\" class=\"yoast-schema-graph\">{\"@context\":\"https:\/\/schema.org\",\"@graph\":[{\"@type\":[\"Person\",\"Organization\"],\"@id\":\"https:\/\/vodickajiri.com\/#\/schema\/person\/16837448c1732d48882280821870b1bf\",\"name\":\"vodickajiri\",\"image\":{\"@type\":\"ImageObject\",\"@id\":\"https:\/\/vodickajiri.com\/#personlogo\",\"inLanguage\":\"cs\",\"url\":\"https:\/\/secure.gravatar.com\/avatar\/02d4a96cb7fddd8ab31c52f414b8ddeb?s=96&d=mm&r=g\",\"caption\":\"vodickajiri\"},\"logo\":{\"@id\":\"https:\/\/vodickajiri.com\/#personlogo\"}},{\"@type\":\"WebSite\",\"@id\":\"https:\/\/vodickajiri.com\/#website\",\"url\":\"https:\/\/vodickajiri.com\/\",\"name\":\"Vodicka Jiri\",\"description\":\"\",\"publisher\":{\"@id\":\"https:\/\/vodickajiri.com\/#\/schema\/person\/16837448c1732d48882280821870b1bf\"},\"potentialAction\":[{\"@type\":\"SearchAction\",\"target\":\"https:\/\/vodickajiri.com\/?s={search_term_string}\",\"query-input\":\"required name=search_term_string\"}],\"inLanguage\":\"cs\"},{\"@type\":[\"WebPage\",\"ContactPage\"],\"@id\":\"https:\/\/vodickajiri.com\/?page_id=57#webpage\",\"url\":\"https:\/\/vodickajiri.com\/?page_id=57\",\"name\":\"Kontakt - Vodicka Jiri\",\"isPartOf\":{\"@id\":\"https:\/\/vodickajiri.com\/#website\"},\"datePublished\":\"2020-09-05T07:34:02+00:00\",\"dateModified\":\"2020-10-31T11:34:04+00:00\",\"description\":\"Kontaktuje Mgr. Ji\\u0159\\u00ed Vodi\\u010dka; Mail, LinkedIn\",\"inLanguage\":\"cs\",\"potentialAction\":[{\"@type\":\"ReadAction\",\"target\":[\"https:\/\/vodickajiri.com\/?page_id=57\"]}]}]}<\/script>\n<!-- \/ Yoast SEO plugin. -->","_links":{"self":[{"href":"https:\/\/vodickajiri.com\/index.php?rest_route=\/wp\/v2\/pages\/57"}],"collection":[{"href":"https:\/\/vodickajiri.com\/index.php?rest_route=\/wp\/v2\/pages"}],"about":[{"href":"https:\/\/vodickajiri.com\/index.php?rest_route=\/wp\/v2\/types\/page"}],"author":[{"embeddable":true,"href":"https:\/\/vodickajiri.com\/index.php?rest_route=\/wp\/v2\/users\/1"}],"replies":[{"embeddable":true,"href":"https:\/\/vodickajiri.com\/index.php?rest_route=%2Fwp%2Fv2%2Fcomments&post=57"}],"version-history":[{"count":7,"href":"https:\/\/vodickajiri.com\/index.php?rest_route=\/wp\/v2\/pages\/57\/revisions"}],"predecessor-version":[{"id":191,"href":"https:\/\/vodickajiri.com\/index.php?rest_route=\/wp\/v2\/pages\/57\/revisions\/191"}],"wp:attachment":[{"href":"https:\/\/vodickajiri.com\/index.php?rest_route=%2Fwp%2Fv2%2Fmedia&parent=57"}],"curies":[{"name":"wp","href":"https:\/\/api.w.org\/{rel}","templated":true}]}}